{"id":504,"date":"2025-05-16T06:25:47","date_gmt":"2025-05-16T06:25:47","guid":{"rendered":"https:\/\/sun-park-airport.de\/stationnement-a-laeroport-de-duesseldorf\/"},"modified":"2025-05-21T12:32:03","modified_gmt":"2025-05-21T12:32:03","slug":"stationnement-a-laeroport-de-duesseldorf","status":"publish","type":"page","link":"https:\/\/sun-park-airport.de\/fr\/stationnement-a-laeroport-de-duesseldorf\/","title":{"rendered":"Stationnement \u00e0 l&rsquo;a\u00e9roport de D\u00fcsseldorf"},"content":{"rendered":"\n\n\n\n\n\n\n\n\n\n\n\n\n\n\n\n\n\n\n\n\n\n","protected":false},"excerpt":{"rendered":"","protected":false},"author":1,"featured_media":0,"parent":0,"menu_order":0,"comment_status":"closed","ping_status":"closed","template":"","meta":{"_monsterinsights_skip_tracking":false,"_monsterinsights_sitenote_active":false,"_monsterinsights_sitenote_note":"","_monsterinsights_sitenote_category":0,"footnotes":""},"dipi_cpt_category":[],"class_list":["post-504","page","type-page","status-publish","hentry"],"_links":{"self":[{"href":"https:\/\/sun-park-airport.de\/fr\/wp-json\/wp\/v2\/pages\/504","targetHints":{"allow":["GET"]}}],"collection":[{"href":"https:\/\/sun-park-airport.de\/fr\/wp-json\/wp\/v2\/pages"}],"about":[{"href":"https:\/\/sun-park-airport.de\/fr\/wp-json\/wp\/v2\/types\/page"}],"author":[{"embeddable":true,"href":"https:\/\/sun-park-airport.de\/fr\/wp-json\/wp\/v2\/users\/1"}],"replies":[{"embeddable":true,"href":"https:\/\/sun-park-airport.de\/fr\/wp-json\/wp\/v2\/comments?post=504"}],"version-history":[{"count":1,"href":"https:\/\/sun-park-airport.de\/fr\/wp-json\/wp\/v2\/pages\/504\/revisions"}],"predecessor-version":[{"id":505,"href":"https:\/\/sun-park-airport.de\/fr\/wp-json\/wp\/v2\/pages\/504\/revisions\/505"}],"wp:attachment":[{"href":"https:\/\/sun-park-airport.de\/fr\/wp-json\/wp\/v2\/media?parent=504"}],"wp:term":[{"taxonomy":"dipi_cpt_category","embeddable":true,"href":"https:\/\/sun-park-airport.de\/fr\/wp-json\/wp\/v2\/dipi_cpt_category?post=504"}],"curies":[{"name":"wp","href":"https:\/\/api.w.org\/{rel}","templated":true}]}}